

{"id":1951,"date":"2024-01-10T13:47:56","date_gmt":"2024-01-10T16:47:56","guid":{"rendered":"https:\/\/clientes.atratis.com.br\/dev\/sangati\/?page_id=1951"},"modified":"2025-09-15T15:55:49","modified_gmt":"2025-09-15T18:55:49","slug":"qualidade","status":"publish","type":"page","link":"https:\/\/clientes.atratis.com.br\/dev\/sangati\/qualidade\/","title":{"rendered":"Qualidade"},"content":{"rendered":"","protected":false},"excerpt":{"rendered":"","protected":false},"author":1,"featured_media":1103,"parent":0,"menu_order":23,"comment_status":"closed","ping_status":"closed","template":"","meta":{"_acf_changed":false,"footnotes":""},"class_list":["post-1951","page","type-page","status-publish","has-post-thumbnail","hentry"],"acf":[],"yoast_head":"<!-- This site is optimized with the Yoast SEO plugin v27.6 - https:\/\/yoast.com\/product\/yoast-seo-wordpress\/ -->\n<title>Qualidade - Sangati Berga<\/title>\n<meta name=\"description\" content=\"N\u00f3s da Sangati Berga priorizamos a qualidade, sempre buscando o aprimoramento de nossas tecnologias e servi\u00e7os, acesse j\u00e1 e veja nosso JOB!\" \/>\n<meta name=\"robots\" content=\"noindex, follow, max-snippet:-1, max-image-preview:large, max-video-preview:-1\" \/>\n<meta property=\"og:locale\" content=\"pt_BR\" \/>\n<meta property=\"og:type\" content=\"article\" \/>\n<meta property=\"og:title\" content=\"Qualidade - Sangati Berga\" \/>\n<meta property=\"og:description\" content=\"N\u00f3s da Sangati Berga priorizamos a qualidade, sempre buscando o aprimoramento de nossas tecnologias e servi\u00e7os, acesse j\u00e1 e veja nosso JOB!\" \/>\n<meta property=\"og:url\" content=\"https:\/\/clientes.atratis.com.br\/dev\/sangati\/qualidade\/\" \/>\n<meta property=\"og:site_name\" content=\"Sangati Berga\" \/>\n<meta property=\"article:publisher\" content=\"https:\/\/www.facebook.com\/pages\/Sangati-Berga-SA\/560714147437955\" \/>\n<meta property=\"article:modified_time\" content=\"2025-09-15T18:55:49+00:00\" \/>\n<meta property=\"og:image\" content=\"https:\/\/clientes.atratis.com.br\/dev\/sangati\/wp-content\/uploads\/2023\/11\/Fachada-sangati.jpg\" \/>\n\t<meta property=\"og:image:width\" content=\"520\" \/>\n\t<meta property=\"og:image:height\" content=\"297\" \/>\n\t<meta property=\"og:image:type\" content=\"image\/jpeg\" \/>\n<meta name=\"twitter:card\" content=\"summary_large_image\" \/>\n<meta name=\"twitter:label1\" content=\"Est. tempo de leitura\" \/>\n\t<meta name=\"twitter:data1\" content=\"1 minuto\" \/>\n<script type=\"application\/ld+json\" class=\"yoast-schema-graph\">{\"@context\":\"https:\\\/\\\/schema.org\",\"@graph\":[{\"@type\":\"WebPage\",\"@id\":\"https:\\\/\\\/clientes.atratis.com.br\\\/dev\\\/sangati\\\/qualidade\\\/\",\"url\":\"https:\\\/\\\/clientes.atratis.com.br\\\/dev\\\/sangati\\\/qualidade\\\/\",\"name\":\"Qualidade - Sangati Berga\",\"isPartOf\":{\"@id\":\"https:\\\/\\\/clientes.atratis.com.br\\\/dev\\\/sangati\\\/#website\"},\"primaryImageOfPage\":{\"@id\":\"https:\\\/\\\/clientes.atratis.com.br\\\/dev\\\/sangati\\\/qualidade\\\/#primaryimage\"},\"image\":{\"@id\":\"https:\\\/\\\/clientes.atratis.com.br\\\/dev\\\/sangati\\\/qualidade\\\/#primaryimage\"},\"thumbnailUrl\":\"https:\\\/\\\/clientes.atratis.com.br\\\/dev\\\/sangati\\\/wp-content\\\/uploads\\\/2023\\\/11\\\/Fachada-sangati.jpg\",\"datePublished\":\"2024-01-10T16:47:56+00:00\",\"dateModified\":\"2025-09-15T18:55:49+00:00\",\"description\":\"N\u00f3s da Sangati Berga priorizamos a qualidade, sempre buscando o aprimoramento de nossas tecnologias e servi\u00e7os, acesse j\u00e1 e veja nosso JOB!\",\"inLanguage\":\"pt-BR\",\"potentialAction\":[{\"@type\":\"ReadAction\",\"target\":[\"https:\\\/\\\/clientes.atratis.com.br\\\/dev\\\/sangati\\\/qualidade\\\/\"]}]},{\"@type\":\"ImageObject\",\"inLanguage\":\"pt-BR\",\"@id\":\"https:\\\/\\\/clientes.atratis.com.br\\\/dev\\\/sangati\\\/qualidade\\\/#primaryimage\",\"url\":\"https:\\\/\\\/clientes.atratis.com.br\\\/dev\\\/sangati\\\/wp-content\\\/uploads\\\/2023\\\/11\\\/Fachada-sangati.jpg\",\"contentUrl\":\"https:\\\/\\\/clientes.atratis.com.br\\\/dev\\\/sangati\\\/wp-content\\\/uploads\\\/2023\\\/11\\\/Fachada-sangati.jpg\",\"width\":520,\"height\":297,\"caption\":\"Fachada-sangati-Valoriza\u00e7\u00e3o Ambiental Sangati Berga, Qualidade\"},{\"@type\":\"WebSite\",\"@id\":\"https:\\\/\\\/clientes.atratis.com.br\\\/dev\\\/sangati\\\/#website\",\"url\":\"https:\\\/\\\/clientes.atratis.com.br\\\/dev\\\/sangati\\\/\",\"name\":\"Sangati Berga\",\"description\":\"Producci\u00f3n y comercializaci\u00f3n de maquinaria e instalaciones, procesamiento de cereales, fabricaci\u00f3n de piensos y equipamiento portuario llave en mano.\",\"publisher\":{\"@id\":\"https:\\\/\\\/clientes.atratis.com.br\\\/dev\\\/sangati\\\/#organization\"},\"potentialAction\":[{\"@type\":\"SearchAction\",\"target\":{\"@type\":\"EntryPoint\",\"urlTemplate\":\"https:\\\/\\\/clientes.atratis.com.br\\\/dev\\\/sangati\\\/?s={search_term_string}\"},\"query-input\":{\"@type\":\"PropertyValueSpecification\",\"valueRequired\":true,\"valueName\":\"search_term_string\"}}],\"inLanguage\":\"pt-BR\"},{\"@type\":\"Organization\",\"@id\":\"https:\\\/\\\/clientes.atratis.com.br\\\/dev\\\/sangati\\\/#organization\",\"name\":\"SANGATI BERGA SA\",\"url\":\"https:\\\/\\\/clientes.atratis.com.br\\\/dev\\\/sangati\\\/\",\"logo\":{\"@type\":\"ImageObject\",\"inLanguage\":\"pt-BR\",\"@id\":\"https:\\\/\\\/clientes.atratis.com.br\\\/dev\\\/sangati\\\/#\\\/schema\\\/logo\\\/image\\\/\",\"url\":\"https:\\\/\\\/clientes.atratis.com.br\\\/dev\\\/sangati\\\/wp-content\\\/uploads\\\/2024\\\/01\\\/Logo-sangati-berga-sa6.png\",\"contentUrl\":\"https:\\\/\\\/clientes.atratis.com.br\\\/dev\\\/sangati\\\/wp-content\\\/uploads\\\/2024\\\/01\\\/Logo-sangati-berga-sa6.png\",\"width\":696,\"height\":696,\"caption\":\"SANGATI BERGA SA\"},\"image\":{\"@id\":\"https:\\\/\\\/clientes.atratis.com.br\\\/dev\\\/sangati\\\/#\\\/schema\\\/logo\\\/image\\\/\"},\"sameAs\":[\"https:\\\/\\\/www.facebook.com\\\/pages\\\/Sangati-Berga-SA\\\/560714147437955\",\"https:\\\/\\\/www.linkedin.com\\\/company\\\/sgtberga\",\"https:\\\/\\\/www.instagram.com\\\/sangatibergasa\\\/\"]}]}<\/script>\n<!-- \/ Yoast SEO plugin. -->","yoast_head_json":{"title":"Qualidade - Sangati Berga","description":"N\u00f3s da Sangati Berga priorizamos a qualidade, sempre buscando o aprimoramento de nossas tecnologias e servi\u00e7os, acesse j\u00e1 e veja nosso JOB!","robots":{"index":"noindex","follow":"follow","max-snippet":"max-snippet:-1","max-image-preview":"max-image-preview:large","max-video-preview":"max-video-preview:-1"},"og_locale":"pt_BR","og_type":"article","og_title":"Qualidade - Sangati Berga","og_description":"N\u00f3s da Sangati Berga priorizamos a qualidade, sempre buscando o aprimoramento de nossas tecnologias e servi\u00e7os, acesse j\u00e1 e veja nosso JOB!","og_url":"https:\/\/clientes.atratis.com.br\/dev\/sangati\/qualidade\/","og_site_name":"Sangati Berga","article_publisher":"https:\/\/www.facebook.com\/pages\/Sangati-Berga-SA\/560714147437955","article_modified_time":"2025-09-15T18:55:49+00:00","og_image":[{"width":520,"height":297,"url":"https:\/\/clientes.atratis.com.br\/dev\/sangati\/wp-content\/uploads\/2023\/11\/Fachada-sangati.jpg","type":"image\/jpeg"}],"twitter_card":"summary_large_image","twitter_misc":{"Est. tempo de leitura":"1 minuto"},"schema":{"@context":"https:\/\/schema.org","@graph":[{"@type":"WebPage","@id":"https:\/\/clientes.atratis.com.br\/dev\/sangati\/qualidade\/","url":"https:\/\/clientes.atratis.com.br\/dev\/sangati\/qualidade\/","name":"Qualidade - Sangati Berga","isPartOf":{"@id":"https:\/\/clientes.atratis.com.br\/dev\/sangati\/#website"},"primaryImageOfPage":{"@id":"https:\/\/clientes.atratis.com.br\/dev\/sangati\/qualidade\/#primaryimage"},"image":{"@id":"https:\/\/clientes.atratis.com.br\/dev\/sangati\/qualidade\/#primaryimage"},"thumbnailUrl":"https:\/\/clientes.atratis.com.br\/dev\/sangati\/wp-content\/uploads\/2023\/11\/Fachada-sangati.jpg","datePublished":"2024-01-10T16:47:56+00:00","dateModified":"2025-09-15T18:55:49+00:00","description":"N\u00f3s da Sangati Berga priorizamos a qualidade, sempre buscando o aprimoramento de nossas tecnologias e servi\u00e7os, acesse j\u00e1 e veja nosso JOB!","inLanguage":"pt-BR","potentialAction":[{"@type":"ReadAction","target":["https:\/\/clientes.atratis.com.br\/dev\/sangati\/qualidade\/"]}]},{"@type":"ImageObject","inLanguage":"pt-BR","@id":"https:\/\/clientes.atratis.com.br\/dev\/sangati\/qualidade\/#primaryimage","url":"https:\/\/clientes.atratis.com.br\/dev\/sangati\/wp-content\/uploads\/2023\/11\/Fachada-sangati.jpg","contentUrl":"https:\/\/clientes.atratis.com.br\/dev\/sangati\/wp-content\/uploads\/2023\/11\/Fachada-sangati.jpg","width":520,"height":297,"caption":"Fachada-sangati-Valoriza\u00e7\u00e3o Ambiental Sangati Berga, Qualidade"},{"@type":"WebSite","@id":"https:\/\/clientes.atratis.com.br\/dev\/sangati\/#website","url":"https:\/\/clientes.atratis.com.br\/dev\/sangati\/","name":"Sangati Berga","description":"Producci\u00f3n y comercializaci\u00f3n de maquinaria e instalaciones, procesamiento de cereales, fabricaci\u00f3n de piensos y equipamiento portuario llave en mano.","publisher":{"@id":"https:\/\/clientes.atratis.com.br\/dev\/sangati\/#organization"},"potentialAction":[{"@type":"SearchAction","target":{"@type":"EntryPoint","urlTemplate":"https:\/\/clientes.atratis.com.br\/dev\/sangati\/?s={search_term_string}"},"query-input":{"@type":"PropertyValueSpecification","valueRequired":true,"valueName":"search_term_string"}}],"inLanguage":"pt-BR"},{"@type":"Organization","@id":"https:\/\/clientes.atratis.com.br\/dev\/sangati\/#organization","name":"SANGATI BERGA SA","url":"https:\/\/clientes.atratis.com.br\/dev\/sangati\/","logo":{"@type":"ImageObject","inLanguage":"pt-BR","@id":"https:\/\/clientes.atratis.com.br\/dev\/sangati\/#\/schema\/logo\/image\/","url":"https:\/\/clientes.atratis.com.br\/dev\/sangati\/wp-content\/uploads\/2024\/01\/Logo-sangati-berga-sa6.png","contentUrl":"https:\/\/clientes.atratis.com.br\/dev\/sangati\/wp-content\/uploads\/2024\/01\/Logo-sangati-berga-sa6.png","width":696,"height":696,"caption":"SANGATI BERGA SA"},"image":{"@id":"https:\/\/clientes.atratis.com.br\/dev\/sangati\/#\/schema\/logo\/image\/"},"sameAs":["https:\/\/www.facebook.com\/pages\/Sangati-Berga-SA\/560714147437955","https:\/\/www.linkedin.com\/company\/sgtberga","https:\/\/www.instagram.com\/sangatibergasa\/"]}]}},"_links":{"self":[{"href":"https:\/\/clientes.atratis.com.br\/dev\/sangati\/wp-json\/wp\/v2\/pages\/1951","targetHints":{"allow":["GET"]}}],"collection":[{"href":"https:\/\/clientes.atratis.com.br\/dev\/sangati\/wp-json\/wp\/v2\/pages"}],"about":[{"href":"https:\/\/clientes.atratis.com.br\/dev\/sangati\/wp-json\/wp\/v2\/types\/page"}],"author":[{"embeddable":true,"href":"https:\/\/clientes.atratis.com.br\/dev\/sangati\/wp-json\/wp\/v2\/users\/1"}],"replies":[{"embeddable":true,"href":"https:\/\/clientes.atratis.com.br\/dev\/sangati\/wp-json\/wp\/v2\/comments?post=1951"}],"version-history":[{"count":18,"href":"https:\/\/clientes.atratis.com.br\/dev\/sangati\/wp-json\/wp\/v2\/pages\/1951\/revisions"}],"predecessor-version":[{"id":5130,"href":"https:\/\/clientes.atratis.com.br\/dev\/sangati\/wp-json\/wp\/v2\/pages\/1951\/revisions\/5130"}],"wp:featuredmedia":[{"embeddable":true,"href":"https:\/\/clientes.atratis.com.br\/dev\/sangati\/wp-json\/wp\/v2\/media\/1103"}],"wp:attachment":[{"href":"https:\/\/clientes.atratis.com.br\/dev\/sangati\/wp-json\/wp\/v2\/media?parent=1951"}],"curies":[{"name":"wp","href":"https:\/\/api.w.org\/{rel}","templated":true}]}}