

{"id":2583,"date":"2024-04-24T10:55:50","date_gmt":"2024-04-24T13:55:50","guid":{"rendered":"https:\/\/clientes.atratis.com.br\/dev\/sangati\/?page_id=2583"},"modified":"2025-06-25T13:48:28","modified_gmt":"2025-06-25T16:48:28","slug":"our-installations","status":"publish","type":"page","link":"https:\/\/clientes.atratis.com.br\/dev\/sangati\/en\/our-installations\/","title":{"rendered":"Our Facilities"},"content":{"rendered":"","protected":false},"excerpt":{"rendered":"","protected":false},"author":1,"featured_media":1221,"parent":0,"menu_order":34,"comment_status":"closed","ping_status":"closed","template":"","meta":{"_acf_changed":false,"footnotes":""},"class_list":["post-2583","page","type-page","status-publish","has-post-thumbnail","hentry"],"acf":[],"yoast_head":"<!-- This site is optimized with the Yoast SEO plugin v27.6 - https:\/\/yoast.com\/product\/yoast-seo-wordpress\/ -->\n<title>Our Facilities - Sangati Berga<\/title>\n<meta name=\"description\" content=\"Na Sangati Berga temos as melhores e mais tecnol\u00f3gicas instala\u00e7\u00f5es, para o bem-estar e seguran\u00e7a dos nossos profissionais.\" \/>\n<meta name=\"robots\" content=\"noindex, follow, max-snippet:-1, max-image-preview:large, max-video-preview:-1\" \/>\n<meta property=\"og:locale\" content=\"pt_BR\" \/>\n<meta property=\"og:type\" content=\"article\" \/>\n<meta property=\"og:title\" content=\"Our Facilities - Sangati Berga\" \/>\n<meta property=\"og:description\" content=\"Na Sangati Berga temos as melhores e mais tecnol\u00f3gicas instala\u00e7\u00f5es, para o bem-estar e seguran\u00e7a dos nossos profissionais.\" \/>\n<meta property=\"og:url\" content=\"https:\/\/clientes.atratis.com.br\/dev\/sangati\/en\/our-installations\/\" \/>\n<meta property=\"og:site_name\" content=\"Sangati Berga\" \/>\n<meta property=\"article:publisher\" content=\"https:\/\/www.facebook.com\/pages\/Sangati-Berga-SA\/560714147437955\" \/>\n<meta property=\"article:modified_time\" content=\"2025-06-25T16:48:28+00:00\" \/>\n<meta property=\"og:image\" content=\"https:\/\/clientes.atratis.com.br\/dev\/sangati\/wp-content\/uploads\/2023\/11\/Sangati-frente.jpg\" \/>\n\t<meta property=\"og:image:width\" content=\"520\" \/>\n\t<meta property=\"og:image:height\" content=\"297\" \/>\n\t<meta property=\"og:image:type\" content=\"image\/jpeg\" \/>\n<meta name=\"twitter:card\" content=\"summary_large_image\" \/>\n<meta name=\"twitter:label1\" content=\"Est. tempo de leitura\" \/>\n\t<meta name=\"twitter:data1\" content=\"1 minuto\" \/>\n<script type=\"application\/ld+json\" class=\"yoast-schema-graph\">{\"@context\":\"https:\\\/\\\/schema.org\",\"@graph\":[{\"@type\":\"WebPage\",\"@id\":\"https:\\\/\\\/clientes.atratis.com.br\\\/dev\\\/sangati\\\/en\\\/our-installations\\\/\",\"url\":\"https:\\\/\\\/clientes.atratis.com.br\\\/dev\\\/sangati\\\/en\\\/our-installations\\\/\",\"name\":\"Our Facilities - Sangati Berga\",\"isPartOf\":{\"@id\":\"https:\\\/\\\/clientes.atratis.com.br\\\/dev\\\/sangati\\\/#website\"},\"primaryImageOfPage\":{\"@id\":\"https:\\\/\\\/clientes.atratis.com.br\\\/dev\\\/sangati\\\/en\\\/our-installations\\\/#primaryimage\"},\"image\":{\"@id\":\"https:\\\/\\\/clientes.atratis.com.br\\\/dev\\\/sangati\\\/en\\\/our-installations\\\/#primaryimage\"},\"thumbnailUrl\":\"https:\\\/\\\/clientes.atratis.com.br\\\/dev\\\/sangati\\\/wp-content\\\/uploads\\\/2023\\\/11\\\/Sangati-frente.jpg\",\"datePublished\":\"2024-04-24T13:55:50+00:00\",\"dateModified\":\"2025-06-25T16:48:28+00:00\",\"description\":\"Na Sangati Berga temos as melhores e mais tecnol\u00f3gicas instala\u00e7\u00f5es, para o bem-estar e seguran\u00e7a dos nossos profissionais.\",\"inLanguage\":\"pt-BR\",\"potentialAction\":[{\"@type\":\"ReadAction\",\"target\":[\"https:\\\/\\\/clientes.atratis.com.br\\\/dev\\\/sangati\\\/en\\\/our-installations\\\/\"]}]},{\"@type\":\"ImageObject\",\"inLanguage\":\"pt-BR\",\"@id\":\"https:\\\/\\\/clientes.atratis.com.br\\\/dev\\\/sangati\\\/en\\\/our-installations\\\/#primaryimage\",\"url\":\"https:\\\/\\\/clientes.atratis.com.br\\\/dev\\\/sangati\\\/wp-content\\\/uploads\\\/2023\\\/11\\\/Sangati-frente.jpg\",\"contentUrl\":\"https:\\\/\\\/clientes.atratis.com.br\\\/dev\\\/sangati\\\/wp-content\\\/uploads\\\/2023\\\/11\\\/Sangati-frente.jpg\",\"width\":520,\"height\":297,\"caption\":\"Fachada Sangati Berga-Quem Somos-Contato\"},{\"@type\":\"WebSite\",\"@id\":\"https:\\\/\\\/clientes.atratis.com.br\\\/dev\\\/sangati\\\/#website\",\"url\":\"https:\\\/\\\/clientes.atratis.com.br\\\/dev\\\/sangati\\\/\",\"name\":\"Sangati Berga\",\"description\":\"Producci\u00f3n y comercializaci\u00f3n de maquinaria e instalaciones, procesamiento de cereales, fabricaci\u00f3n de piensos y equipamiento portuario llave en mano.\",\"publisher\":{\"@id\":\"https:\\\/\\\/clientes.atratis.com.br\\\/dev\\\/sangati\\\/#organization\"},\"potentialAction\":[{\"@type\":\"SearchAction\",\"target\":{\"@type\":\"EntryPoint\",\"urlTemplate\":\"https:\\\/\\\/clientes.atratis.com.br\\\/dev\\\/sangati\\\/?s={search_term_string}\"},\"query-input\":{\"@type\":\"PropertyValueSpecification\",\"valueRequired\":true,\"valueName\":\"search_term_string\"}}],\"inLanguage\":\"pt-BR\"},{\"@type\":\"Organization\",\"@id\":\"https:\\\/\\\/clientes.atratis.com.br\\\/dev\\\/sangati\\\/#organization\",\"name\":\"SANGATI BERGA SA\",\"url\":\"https:\\\/\\\/clientes.atratis.com.br\\\/dev\\\/sangati\\\/\",\"logo\":{\"@type\":\"ImageObject\",\"inLanguage\":\"pt-BR\",\"@id\":\"https:\\\/\\\/clientes.atratis.com.br\\\/dev\\\/sangati\\\/#\\\/schema\\\/logo\\\/image\\\/\",\"url\":\"https:\\\/\\\/clientes.atratis.com.br\\\/dev\\\/sangati\\\/wp-content\\\/uploads\\\/2024\\\/01\\\/Logo-sangati-berga-sa6.png\",\"contentUrl\":\"https:\\\/\\\/clientes.atratis.com.br\\\/dev\\\/sangati\\\/wp-content\\\/uploads\\\/2024\\\/01\\\/Logo-sangati-berga-sa6.png\",\"width\":696,\"height\":696,\"caption\":\"SANGATI BERGA SA\"},\"image\":{\"@id\":\"https:\\\/\\\/clientes.atratis.com.br\\\/dev\\\/sangati\\\/#\\\/schema\\\/logo\\\/image\\\/\"},\"sameAs\":[\"https:\\\/\\\/www.facebook.com\\\/pages\\\/Sangati-Berga-SA\\\/560714147437955\",\"https:\\\/\\\/www.linkedin.com\\\/company\\\/sgtberga\",\"https:\\\/\\\/www.instagram.com\\\/sangatibergasa\\\/\"]}]}<\/script>\n<!-- \/ Yoast SEO plugin. -->","yoast_head_json":{"title":"Our Facilities - Sangati Berga","description":"Na Sangati Berga temos as melhores e mais tecnol\u00f3gicas instala\u00e7\u00f5es, para o bem-estar e seguran\u00e7a dos nossos profissionais.","robots":{"index":"noindex","follow":"follow","max-snippet":"max-snippet:-1","max-image-preview":"max-image-preview:large","max-video-preview":"max-video-preview:-1"},"og_locale":"pt_BR","og_type":"article","og_title":"Our Facilities - Sangati Berga","og_description":"Na Sangati Berga temos as melhores e mais tecnol\u00f3gicas instala\u00e7\u00f5es, para o bem-estar e seguran\u00e7a dos nossos profissionais.","og_url":"https:\/\/clientes.atratis.com.br\/dev\/sangati\/en\/our-installations\/","og_site_name":"Sangati Berga","article_publisher":"https:\/\/www.facebook.com\/pages\/Sangati-Berga-SA\/560714147437955","article_modified_time":"2025-06-25T16:48:28+00:00","og_image":[{"width":520,"height":297,"url":"https:\/\/clientes.atratis.com.br\/dev\/sangati\/wp-content\/uploads\/2023\/11\/Sangati-frente.jpg","type":"image\/jpeg"}],"twitter_card":"summary_large_image","twitter_misc":{"Est. tempo de leitura":"1 minuto"},"schema":{"@context":"https:\/\/schema.org","@graph":[{"@type":"WebPage","@id":"https:\/\/clientes.atratis.com.br\/dev\/sangati\/en\/our-installations\/","url":"https:\/\/clientes.atratis.com.br\/dev\/sangati\/en\/our-installations\/","name":"Our Facilities - Sangati Berga","isPartOf":{"@id":"https:\/\/clientes.atratis.com.br\/dev\/sangati\/#website"},"primaryImageOfPage":{"@id":"https:\/\/clientes.atratis.com.br\/dev\/sangati\/en\/our-installations\/#primaryimage"},"image":{"@id":"https:\/\/clientes.atratis.com.br\/dev\/sangati\/en\/our-installations\/#primaryimage"},"thumbnailUrl":"https:\/\/clientes.atratis.com.br\/dev\/sangati\/wp-content\/uploads\/2023\/11\/Sangati-frente.jpg","datePublished":"2024-04-24T13:55:50+00:00","dateModified":"2025-06-25T16:48:28+00:00","description":"Na Sangati Berga temos as melhores e mais tecnol\u00f3gicas instala\u00e7\u00f5es, para o bem-estar e seguran\u00e7a dos nossos profissionais.","inLanguage":"pt-BR","potentialAction":[{"@type":"ReadAction","target":["https:\/\/clientes.atratis.com.br\/dev\/sangati\/en\/our-installations\/"]}]},{"@type":"ImageObject","inLanguage":"pt-BR","@id":"https:\/\/clientes.atratis.com.br\/dev\/sangati\/en\/our-installations\/#primaryimage","url":"https:\/\/clientes.atratis.com.br\/dev\/sangati\/wp-content\/uploads\/2023\/11\/Sangati-frente.jpg","contentUrl":"https:\/\/clientes.atratis.com.br\/dev\/sangati\/wp-content\/uploads\/2023\/11\/Sangati-frente.jpg","width":520,"height":297,"caption":"Fachada Sangati Berga-Quem Somos-Contato"},{"@type":"WebSite","@id":"https:\/\/clientes.atratis.com.br\/dev\/sangati\/#website","url":"https:\/\/clientes.atratis.com.br\/dev\/sangati\/","name":"Sangati Berga","description":"Producci\u00f3n y comercializaci\u00f3n de maquinaria e instalaciones, procesamiento de cereales, fabricaci\u00f3n de piensos y equipamiento portuario llave en mano.","publisher":{"@id":"https:\/\/clientes.atratis.com.br\/dev\/sangati\/#organization"},"potentialAction":[{"@type":"SearchAction","target":{"@type":"EntryPoint","urlTemplate":"https:\/\/clientes.atratis.com.br\/dev\/sangati\/?s={search_term_string}"},"query-input":{"@type":"PropertyValueSpecification","valueRequired":true,"valueName":"search_term_string"}}],"inLanguage":"pt-BR"},{"@type":"Organization","@id":"https:\/\/clientes.atratis.com.br\/dev\/sangati\/#organization","name":"SANGATI BERGA SA","url":"https:\/\/clientes.atratis.com.br\/dev\/sangati\/","logo":{"@type":"ImageObject","inLanguage":"pt-BR","@id":"https:\/\/clientes.atratis.com.br\/dev\/sangati\/#\/schema\/logo\/image\/","url":"https:\/\/clientes.atratis.com.br\/dev\/sangati\/wp-content\/uploads\/2024\/01\/Logo-sangati-berga-sa6.png","contentUrl":"https:\/\/clientes.atratis.com.br\/dev\/sangati\/wp-content\/uploads\/2024\/01\/Logo-sangati-berga-sa6.png","width":696,"height":696,"caption":"SANGATI BERGA SA"},"image":{"@id":"https:\/\/clientes.atratis.com.br\/dev\/sangati\/#\/schema\/logo\/image\/"},"sameAs":["https:\/\/www.facebook.com\/pages\/Sangati-Berga-SA\/560714147437955","https:\/\/www.linkedin.com\/company\/sgtberga","https:\/\/www.instagram.com\/sangatibergasa\/"]}]}},"_links":{"self":[{"href":"https:\/\/clientes.atratis.com.br\/dev\/sangati\/wp-json\/wp\/v2\/pages\/2583","targetHints":{"allow":["GET"]}}],"collection":[{"href":"https:\/\/clientes.atratis.com.br\/dev\/sangati\/wp-json\/wp\/v2\/pages"}],"about":[{"href":"https:\/\/clientes.atratis.com.br\/dev\/sangati\/wp-json\/wp\/v2\/types\/page"}],"author":[{"embeddable":true,"href":"https:\/\/clientes.atratis.com.br\/dev\/sangati\/wp-json\/wp\/v2\/users\/1"}],"replies":[{"embeddable":true,"href":"https:\/\/clientes.atratis.com.br\/dev\/sangati\/wp-json\/wp\/v2\/comments?post=2583"}],"version-history":[{"count":8,"href":"https:\/\/clientes.atratis.com.br\/dev\/sangati\/wp-json\/wp\/v2\/pages\/2583\/revisions"}],"predecessor-version":[{"id":5068,"href":"https:\/\/clientes.atratis.com.br\/dev\/sangati\/wp-json\/wp\/v2\/pages\/2583\/revisions\/5068"}],"wp:featuredmedia":[{"embeddable":true,"href":"https:\/\/clientes.atratis.com.br\/dev\/sangati\/wp-json\/wp\/v2\/media\/1221"}],"wp:attachment":[{"href":"https:\/\/clientes.atratis.com.br\/dev\/sangati\/wp-json\/wp\/v2\/media?parent=2583"}],"curies":[{"name":"wp","href":"https:\/\/api.w.org\/{rel}","templated":true}]}}